{"id":94756,"date":"2024-11-20T10:48:47","date_gmt":"2024-11-20T10:48:47","guid":{"rendered":"https:\/\/samiranda.pt\/sa\/?page_id=94756"},"modified":"2025-04-07T16:52:54","modified_gmt":"2025-04-07T16:52:54","slug":"aluguer-de-equipamentos","status":"publish","type":"page","link":"https:\/\/samiranda.pt\/sa\/aluguer-de-equipamentos\/","title":{"rendered":"Aluguer de Equipamentos"},"content":{"rendered":"\t\t<div data-elementor-type=\"wp-page\" data-elementor-id=\"94756\" class=\"elementor elementor-94756\" data-elementor-post-type=\"page\">\n\t\t\t\t\t\t<section class=\"elementor-section elementor-top-section elementor-element elementor-element-2977ba5a elementor-reverse-tablet elementor-reverse-mobile elementor-section-height-min-height elementor-section-items-stretch elementor-section-boxed elementor-section-height-default\" data-id=\"2977ba5a\" data-element_type=\"section\" data-settings=\"{&quot;background_background&quot;:&quot;gradient&quot;}\">\n\t\t\t\t\t\t\t<div class=\"elementor-background-overlay\"><\/div>\n\t\t\t\t\t\t\t<div class=\"elementor-container elementor-column-gap-wider\">\n\t\t\t\t\t<div class=\"elementor-column elementor-col-50 elementor-top-column elementor-element elementor-element-3b34a01b\" data-id=\"3b34a01b\" data-element_type=\"column\">\n\t\t\t<div class=\"elementor-widget-wrap elementor-element-populated\">\n\t\t\t\t\t\t<div class=\"elementor-element elementor-element-35af0d00 elementor-widget elementor-widget-the7-heading\" data-id=\"35af0d00\" data-element_type=\"widget\" data-widget_type=\"the7-heading.default\">\n\t\t\t\t<div class=\"elementor-widget-container\">\n\t\t\t<h2 class=\"the7-heading-title elementor-size-default\">Aluguer de Equipamentos<\/h2>\t\t<\/div>\n\t\t\t\t<\/div>\n\t\t\t\t\t<\/div>\n\t\t<\/div>\n\t\t\t\t<div class=\"elementor-column elementor-col-50 elementor-top-column elementor-element elementor-element-56032c68\" data-id=\"56032c68\" data-element_type=\"column\">\n\t\t\t<div class=\"elementor-widget-wrap elementor-element-populated\">\n\t\t\t\t\t\t<div class=\"elementor-element elementor-element-3c0105bc split-breadcrumbs-y elementor-widget elementor-widget-the7-breadcrumb\" data-id=\"3c0105bc\" data-element_type=\"widget\" data-widget_type=\"the7-breadcrumb.default\">\n\t\t\t\t<div class=\"elementor-widget-container\">\n\t\t\t<div class=\"assistive-text\">You are here:<\/div><ol class=\"breadcrumbs text-small rcrumbs\" itemscope itemtype=\"https:\/\/schema.org\/BreadcrumbList\"><li itemprop=\"itemListElement\" itemscope itemtype=\"https:\/\/schema.org\/ListItem\"><a itemprop=\"item\" href=\"https:\/\/samiranda.pt\/sa\/\" title=\"Home\"><span itemprop=\"name\">Home<\/span><\/a><meta itemprop=\"position\" content=\"1\" \/><\/li><li class=\"current\" itemprop=\"itemListElement\" itemscope itemtype=\"https:\/\/schema.org\/ListItem\"><span itemprop=\"name\">P\u00e1gina<\/span><meta itemprop=\"position\" content=\"2\" \/><\/li><\/ol>\t\t<\/div>\n\t\t\t\t<\/div>\n\t\t\t\t\t<\/div>\n\t\t<\/div>\n\t\t\t\t\t<\/div>\n\t\t<\/section>\n\t\t\t\t<section class=\"elementor-section elementor-top-section elementor-element elementor-element-749bd051 elementor-reverse-tablet elementor-reverse-mobile elementor-section-boxed elementor-section-height-default elementor-section-height-default\" data-id=\"749bd051\" data-element_type=\"section\" data-settings=\"{&quot;background_background&quot;:&quot;classic&quot;}\">\n\t\t\t\t\t\t<div class=\"elementor-container elementor-column-gap-wider\">\n\t\t\t\t\t<div class=\"elementor-column elementor-col-50 elementor-top-column elementor-element elementor-element-18f3400a\" data-id=\"18f3400a\" data-element_type=\"column\">\n\t\t\t<div class=\"elementor-widget-wrap elementor-element-populated\">\n\t\t\t\t\t\t<div class=\"elementor-element elementor-element-4b0579fa elementor-invisible elementor-widget elementor-widget-image\" data-id=\"4b0579fa\" data-element_type=\"widget\" data-settings=\"{&quot;_animation&quot;:&quot;fadeInLeft&quot;}\" data-widget_type=\"image.default\">\n\t\t\t\t<div class=\"elementor-widget-container\">\n\t\t\t\t\t\t\t\t\t\t\t\t\t<img fetchpriority=\"high\" decoding=\"async\" width=\"594\" height=\"424\" src=\"https:\/\/samiranda.pt\/sa\/wp-content\/uploads\/2025\/01\/Aluguer2-1.png\" class=\"attachment-full size-full wp-image-95772\" alt=\"\" srcset=\"https:\/\/samiranda.pt\/sa\/wp-content\/uploads\/2025\/01\/Aluguer2-1.png 594w, https:\/\/samiranda.pt\/sa\/wp-content\/uploads\/2025\/01\/Aluguer2-1-300x214.png 300w\" sizes=\"(max-width: 594px) 100vw, 594px\" \/>\t\t\t\t\t\t\t\t\t\t\t\t\t<\/div>\n\t\t\t\t<\/div>\n\t\t\t\t\t<\/div>\n\t\t<\/div>\n\t\t\t\t<div class=\"elementor-column elementor-col-50 elementor-top-column elementor-element elementor-element-42e0d57d elementor-invisible\" data-id=\"42e0d57d\" data-element_type=\"column\" data-settings=\"{&quot;animation&quot;:&quot;fadeInRight&quot;}\">\n\t\t\t<div class=\"elementor-widget-wrap elementor-element-populated\">\n\t\t\t\t\t\t<div class=\"elementor-element elementor-element-1f18f493 elementor-widget elementor-widget-heading\" data-id=\"1f18f493\" data-element_type=\"widget\" data-widget_type=\"heading.default\">\n\t\t\t\t<div class=\"elementor-widget-container\">\n\t\t\t<h4 class=\"elementor-heading-title elementor-size-default\">Aluguer de Equipamentos<\/h4>\t\t<\/div>\n\t\t\t\t<\/div>\n\t\t\t\t<div class=\"elementor-element elementor-element-4b25f6a4 elementor-widget elementor-widget-spacer\" data-id=\"4b25f6a4\" data-element_type=\"widget\" data-widget_type=\"spacer.default\">\n\t\t\t\t<div class=\"elementor-widget-container\">\n\t\t\t\t\t<div class=\"elementor-spacer\">\n\t\t\t<div class=\"elementor-spacer-inner\"><\/div>\n\t\t<\/div>\n\t\t\t\t<\/div>\n\t\t\t\t<\/div>\n\t\t\t\t<div class=\"elementor-element elementor-element-60bfff24 elementor-widget elementor-widget-text-editor\" data-id=\"60bfff24\" data-element_type=\"widget\" data-widget_type=\"text-editor.default\">\n\t\t\t\t<div class=\"elementor-widget-container\">\n\t\t\t\t\t\t\t<p>Precisa de um equipamento por pouco tempo?<\/p><p>Al\u00e9m da venda e da repara\u00e7\u00e3o, tamb\u00e9m o aluguer de equipamentos de ar comprimido \u00e9 um dos servi\u00e7os que disponibilizamos!<\/p><p>Dispomos de uma larga gama de compressores el\u00e9tricos e diversas ferramentas el\u00e9tricas para responder \u00e0s suas necessidades.<\/p><p>Procuramos disponibilizar a todos os clientes o acesso a equipamentos modernos, vers\u00e1teis e econ\u00f3micos mediante as suas necessidades.<\/p>\t\t\t\t\t\t<\/div>\n\t\t\t\t<\/div>\n\t\t\t\t<div class=\"elementor-element elementor-element-50c5e263 elementor-align-left elementor-widget elementor-widget-the7_button_widget\" data-id=\"50c5e263\" data-element_type=\"widget\" data-widget_type=\"the7_button_widget.default\">\n\t\t\t\t<div class=\"elementor-widget-container\">\n\t\t\t<div class=\"elementor-button-wrapper\"><a href=\"https:\/\/samiranda.pt\/sa\/contactos\/\" class=\"box-button elementor-button elementor-size-sm\">PEDIDO DE COTA\u00c7\u00c3O<\/a><\/div>\t\t<\/div>\n\t\t\t\t<\/div>\n\t\t\t\t\t<\/div>\n\t\t<\/div>\n\t\t\t\t\t<\/div>\n\t\t<\/section>\n\t\t\t\t<section class=\"elementor-section elementor-top-section elementor-element elementor-element-91b8766 elementor-section-height-min-height elementor-section-items-stretch elementor-reverse-tablet elementor-reverse-mobile elementor-section-boxed elementor-section-height-default\" data-id=\"91b8766\" data-element_type=\"section\" data-settings=\"{&quot;background_background&quot;:&quot;gradient&quot;}\">\n\t\t\t\t\t\t\t<div class=\"elementor-background-overlay\"><\/div>\n\t\t\t\t\t\t\t<div class=\"elementor-container elementor-column-gap-wider\">\n\t\t\t\t\t<div class=\"elementor-column elementor-col-100 elementor-top-column elementor-element elementor-element-3fba8476\" data-id=\"3fba8476\" data-element_type=\"column\">\n\t\t\t<div class=\"elementor-widget-wrap elementor-element-populated\">\n\t\t\t\t\t\t<div class=\"elementor-element elementor-element-628501f8 elementor-widget__width-initial elementor-invisible elementor-widget elementor-widget-heading\" data-id=\"628501f8\" data-element_type=\"widget\" data-settings=\"{&quot;_animation&quot;:&quot;fadeInUp&quot;}\" data-widget_type=\"heading.default\">\n\t\t\t\t<div class=\"elementor-widget-container\">\n\t\t\t<h2 class=\"elementor-heading-title elementor-size-default\">Venda de Equipamentos<\/h2>\t\t<\/div>\n\t\t\t\t<\/div>\n\t\t\t\t<div class=\"elementor-element elementor-element-21162bcb elementor-invisible elementor-widget elementor-widget-text-editor\" data-id=\"21162bcb\" data-element_type=\"widget\" data-settings=\"{&quot;_animation&quot;:&quot;fadeInUp&quot;}\" data-widget_type=\"text-editor.default\">\n\t\t\t\t<div class=\"elementor-widget-container\">\n\t\t\t\t\t\t\t<p>Variedade nos nossos equipamentos e na nossa oferta, \u00e9 tamb\u00e9m algo que priorizamos.<\/p>\t\t\t\t\t\t<\/div>\n\t\t\t\t<\/div>\n\t\t\t\t<div class=\"elementor-element elementor-element-75b268c elementor-align-center elementor-invisible elementor-widget elementor-widget-the7_button_widget\" data-id=\"75b268c\" data-element_type=\"widget\" data-settings=\"{&quot;_animation&quot;:&quot;fadeIn&quot;}\" data-widget_type=\"the7_button_widget.default\">\n\t\t\t\t<div class=\"elementor-widget-container\">\n\t\t\t<div class=\"elementor-button-wrapper\"><a href=\"https:\/\/samiranda.pt\/sa\/contactos\/\" class=\"box-button elementor-button elementor-size-md\">SABER MAIS<\/a><\/div>\t\t<\/div>\n\t\t\t\t<\/div>\n\t\t\t\t\t<\/div>\n\t\t<\/div>\n\t\t\t\t\t<\/div>\n\t\t<\/section>\n\t\t\t\t<\/div>\n\t\t","protected":false},"excerpt":{"rendered":"<p>Aluguer de Equipamentos You are here: Home P\u00e1gina Aluguer de Equipamentos Precisa de um equipamento por pouco tempo? Al\u00e9m da venda e da repara\u00e7\u00e3o, tamb\u00e9m o aluguer de equipamentos de ar comprimido \u00e9 um dos servi\u00e7os que disponibilizamos! Dispomos de uma larga gama de compressores el\u00e9tricos e diversas ferramentas el\u00e9tricas para responder \u00e0s suas necessidades.&hellip;<\/p>\n","protected":false},"author":1,"featured_media":0,"parent":0,"menu_order":0,"comment_status":"closed","ping_status":"closed","template":"elementor_header_footer","meta":{"footnotes":""},"class_list":["post-94756","page","type-page","status-publish","hentry"],"_links":{"self":[{"href":"https:\/\/samiranda.pt\/sa\/wp-json\/wp\/v2\/pages\/94756","targetHints":{"allow":["GET"]}}],"collection":[{"href":"https:\/\/samiranda.pt\/sa\/wp-json\/wp\/v2\/pages"}],"about":[{"href":"https:\/\/samiranda.pt\/sa\/wp-json\/wp\/v2\/types\/page"}],"author":[{"embeddable":true,"href":"https:\/\/samiranda.pt\/sa\/wp-json\/wp\/v2\/users\/1"}],"replies":[{"embeddable":true,"href":"https:\/\/samiranda.pt\/sa\/wp-json\/wp\/v2\/comments?post=94756"}],"version-history":[{"count":91,"href":"https:\/\/samiranda.pt\/sa\/wp-json\/wp\/v2\/pages\/94756\/revisions"}],"predecessor-version":[{"id":97677,"href":"https:\/\/samiranda.pt\/sa\/wp-json\/wp\/v2\/pages\/94756\/revisions\/97677"}],"wp:attachment":[{"href":"https:\/\/samiranda.pt\/sa\/wp-json\/wp\/v2\/media?parent=94756"}],"curies":[{"name":"wp","href":"https:\/\/api.w.org\/{rel}","templated":true}]}}