{"id":94598,"date":"2024-08-26T08:03:42","date_gmt":"2024-08-26T08:03:42","guid":{"rendered":"https:\/\/samiranda.pt\/sa\/?page_id=94598"},"modified":"2025-04-07T16:56:21","modified_gmt":"2025-04-07T16:56:21","slug":"compressores","status":"publish","type":"page","link":"https:\/\/samiranda.pt\/sa\/compressores\/","title":{"rendered":"Compressores"},"content":{"rendered":"\t\t<div data-elementor-type=\"wp-page\" data-elementor-id=\"94598\" class=\"elementor elementor-94598\" data-elementor-post-type=\"page\">\n\t\t\t\t\t\t<section class=\"elementor-section elementor-top-section elementor-element elementor-element-321a57ea elementor-reverse-tablet elementor-reverse-mobile elementor-section-height-min-height elementor-section-items-stretch elementor-section-boxed elementor-section-height-default\" data-id=\"321a57ea\" data-element_type=\"section\" data-settings=\"{&quot;background_background&quot;:&quot;gradient&quot;}\">\n\t\t\t\t\t\t\t<div class=\"elementor-background-overlay\"><\/div>\n\t\t\t\t\t\t\t<div class=\"elementor-container elementor-column-gap-wider\">\n\t\t\t\t\t<div class=\"elementor-column elementor-col-50 elementor-top-column elementor-element elementor-element-6ca43c74\" data-id=\"6ca43c74\" data-element_type=\"column\">\n\t\t\t<div class=\"elementor-widget-wrap elementor-element-populated\">\n\t\t\t\t\t\t<div class=\"elementor-element elementor-element-530a62f8 elementor-widget elementor-widget-the7-heading\" data-id=\"530a62f8\" data-element_type=\"widget\" data-widget_type=\"the7-heading.default\">\n\t\t\t\t<div class=\"elementor-widget-container\">\n\t\t\t<h2 class=\"the7-heading-title elementor-size-default\">Compressores<\/h2>\t\t<\/div>\n\t\t\t\t<\/div>\n\t\t\t\t\t<\/div>\n\t\t<\/div>\n\t\t\t\t<div class=\"elementor-column elementor-col-50 elementor-top-column elementor-element elementor-element-b45f84d\" data-id=\"b45f84d\" data-element_type=\"column\">\n\t\t\t<div class=\"elementor-widget-wrap elementor-element-populated\">\n\t\t\t\t\t\t<div class=\"elementor-element elementor-element-5f1911af split-breadcrumbs-y elementor-widget elementor-widget-the7-breadcrumb\" data-id=\"5f1911af\" data-element_type=\"widget\" data-widget_type=\"the7-breadcrumb.default\">\n\t\t\t\t<div class=\"elementor-widget-container\">\n\t\t\t<div class=\"assistive-text\">You are here:<\/div><ol class=\"breadcrumbs text-small rcrumbs\" itemscope itemtype=\"https:\/\/schema.org\/BreadcrumbList\"><li itemprop=\"itemListElement\" itemscope itemtype=\"https:\/\/schema.org\/ListItem\"><a itemprop=\"item\" href=\"https:\/\/samiranda.pt\/sa\/\" title=\"Home\"><span itemprop=\"name\">Home<\/span><\/a><meta itemprop=\"position\" content=\"1\" \/><\/li><li class=\"current\" itemprop=\"itemListElement\" itemscope itemtype=\"https:\/\/schema.org\/ListItem\"><span itemprop=\"name\">P\u00e1gina<\/span><meta itemprop=\"position\" content=\"2\" \/><\/li><\/ol>\t\t<\/div>\n\t\t\t\t<\/div>\n\t\t\t\t\t<\/div>\n\t\t<\/div>\n\t\t\t\t\t<\/div>\n\t\t<\/section>\n\t\t\t\t<section class=\"elementor-section elementor-top-section elementor-element elementor-element-3401c527 elementor-reverse-tablet elementor-reverse-mobile elementor-section-boxed elementor-section-height-default elementor-section-height-default\" data-id=\"3401c527\" data-element_type=\"section\" data-settings=\"{&quot;background_background&quot;:&quot;classic&quot;}\">\n\t\t\t\t\t\t<div class=\"elementor-container elementor-column-gap-wider\">\n\t\t\t\t\t<div class=\"elementor-column elementor-col-50 elementor-top-column elementor-element elementor-element-76b3e1d\" data-id=\"76b3e1d\" data-element_type=\"column\">\n\t\t\t<div class=\"elementor-widget-wrap elementor-element-populated\">\n\t\t\t\t\t\t<div class=\"elementor-element elementor-element-96f307e elementor-invisible elementor-widget elementor-widget-image\" data-id=\"96f307e\" data-element_type=\"widget\" data-settings=\"{&quot;_animation&quot;:&quot;fadeInLeft&quot;}\" data-widget_type=\"image.default\">\n\t\t\t\t<div class=\"elementor-widget-container\">\n\t\t\t\t\t\t\t\t\t\t\t\t\t<img fetchpriority=\"high\" decoding=\"async\" width=\"1200\" height=\"857\" src=\"https:\/\/samiranda.pt\/sa\/wp-content\/uploads\/2025\/01\/cp.png\" class=\"attachment-full size-full wp-image-95214\" alt=\"\" srcset=\"https:\/\/samiranda.pt\/sa\/wp-content\/uploads\/2025\/01\/cp.png 1200w, https:\/\/samiranda.pt\/sa\/wp-content\/uploads\/2025\/01\/cp-300x214.png 300w, https:\/\/samiranda.pt\/sa\/wp-content\/uploads\/2025\/01\/cp-1024x731.png 1024w, https:\/\/samiranda.pt\/sa\/wp-content\/uploads\/2025\/01\/cp-768x548.png 768w, https:\/\/samiranda.pt\/sa\/wp-content\/uploads\/2025\/01\/cp-600x429.png 600w\" sizes=\"(max-width: 1200px) 100vw, 1200px\" \/>\t\t\t\t\t\t\t\t\t\t\t\t\t<\/div>\n\t\t\t\t<\/div>\n\t\t\t\t\t<\/div>\n\t\t<\/div>\n\t\t\t\t<div class=\"elementor-column elementor-col-50 elementor-top-column elementor-element elementor-element-2d91e82f elementor-invisible\" data-id=\"2d91e82f\" data-element_type=\"column\" data-settings=\"{&quot;animation&quot;:&quot;fadeInRight&quot;}\">\n\t\t\t<div class=\"elementor-widget-wrap elementor-element-populated\">\n\t\t\t\t\t\t<div class=\"elementor-element elementor-element-4210f5d elementor-widget elementor-widget-heading\" data-id=\"4210f5d\" data-element_type=\"widget\" data-widget_type=\"heading.default\">\n\t\t\t\t<div class=\"elementor-widget-container\">\n\t\t\t<h4 class=\"elementor-heading-title elementor-size-default\">Compressores de Parafuso<\/h4>\t\t<\/div>\n\t\t\t\t<\/div>\n\t\t\t\t<div class=\"elementor-element elementor-element-15a0e25c elementor-widget elementor-widget-spacer\" data-id=\"15a0e25c\" data-element_type=\"widget\" data-widget_type=\"spacer.default\">\n\t\t\t\t<div class=\"elementor-widget-container\">\n\t\t\t\t\t<div class=\"elementor-spacer\">\n\t\t\t<div class=\"elementor-spacer-inner\"><\/div>\n\t\t<\/div>\n\t\t\t\t<\/div>\n\t\t\t\t<\/div>\n\t\t\t\t<div class=\"elementor-element elementor-element-10ca3c96 elementor-widget elementor-widget-text-editor\" data-id=\"10ca3c96\" data-element_type=\"widget\" data-widget_type=\"text-editor.default\">\n\t\t\t\t<div class=\"elementor-widget-container\">\n\t\t\t\t\t\t\t<p>Os compressores de parafuso Boge destacam-se pela sua elevada fiabilidade, baixo consumo energ\u00e9tico, e baixo custo de manuten\u00e7\u00e3o.<\/p><p>O correto dimensionamento, uma manuten\u00e7\u00e3o preventiva atempada e um servi\u00e7o de assist\u00eancia profissional s\u00e3o fatores determinantes na durabilidade dos equipamentos, potenciando ainda a sua efici\u00eancia energ\u00e9tica.<\/p><p><strong>Dispomos de diversas solu\u00e7\u00f5es adequadas a cada ind\u00fastria, desde 2.2kW a 350 kW.<\/strong><\/p>\t\t\t\t\t\t<\/div>\n\t\t\t\t<\/div>\n\t\t\t\t<div class=\"elementor-element elementor-element-a69b017 elementor-align-left elementor-widget elementor-widget-the7_button_widget\" data-id=\"a69b017\" data-element_type=\"widget\" data-widget_type=\"the7_button_widget.default\">\n\t\t\t\t<div class=\"elementor-widget-container\">\n\t\t\t<div class=\"elementor-button-wrapper\"><a href=\"https:\/\/www.boge.com\/en\/screw-compressors\/\" target=\"_blank\" class=\"box-button elementor-button elementor-size-sm\" rel=\"noopener\">+ VER MAIS<\/a><\/div>\t\t<\/div>\n\t\t\t\t<\/div>\n\t\t\t\t\t<\/div>\n\t\t<\/div>\n\t\t\t\t\t<\/div>\n\t\t<\/section>\n\t\t<div class=\"elementor-element elementor-element-168a9a7 e-flex e-con-boxed e-con e-parent\" data-id=\"168a9a7\" data-element_type=\"container\">\n\t\t\t\t\t<div class=\"e-con-inner\">\n\t\t\t\t<div class=\"elementor-element elementor-element-e160fb9 elementor-widget-divider--view-line elementor-widget elementor-widget-divider\" data-id=\"e160fb9\" data-element_type=\"widget\" data-widget_type=\"divider.default\">\n\t\t\t\t<div class=\"elementor-widget-container\">\n\t\t\t\t\t<div class=\"elementor-divider\">\n\t\t\t<span class=\"elementor-divider-separator\">\n\t\t\t\t\t\t<\/span>\n\t\t<\/div>\n\t\t\t\t<\/div>\n\t\t\t\t<\/div>\n\t\t\t\t\t<\/div>\n\t\t\t\t<\/div>\n\t\t\t\t<section class=\"elementor-section elementor-top-section elementor-element elementor-element-0a4d4b7 elementor-reverse-tablet elementor-reverse-mobile elementor-section-boxed elementor-section-height-default elementor-section-height-default\" data-id=\"0a4d4b7\" data-element_type=\"section\" data-settings=\"{&quot;background_background&quot;:&quot;classic&quot;}\">\n\t\t\t\t\t\t<div class=\"elementor-container elementor-column-gap-wider\">\n\t\t\t\t\t<div class=\"elementor-column elementor-col-50 elementor-top-column elementor-element elementor-element-12be886\" data-id=\"12be886\" data-element_type=\"column\">\n\t\t\t<div class=\"elementor-widget-wrap elementor-element-populated\">\n\t\t\t\t\t\t<div class=\"elementor-element elementor-element-c9702eb elementor-invisible elementor-widget elementor-widget-image\" data-id=\"c9702eb\" data-element_type=\"widget\" data-settings=\"{&quot;_animation&quot;:&quot;fadeInLeft&quot;}\" data-widget_type=\"image.default\">\n\t\t\t\t<div class=\"elementor-widget-container\">\n\t\t\t\t\t\t\t\t\t\t\t\t\t<img decoding=\"async\" width=\"1000\" height=\"714\" src=\"https:\/\/samiranda.pt\/sa\/wp-content\/uploads\/2025\/01\/Compressores-de-pistao-isentos-de-oleo.png\" class=\"attachment-full size-full wp-image-95210\" alt=\"\" srcset=\"https:\/\/samiranda.pt\/sa\/wp-content\/uploads\/2025\/01\/Compressores-de-pistao-isentos-de-oleo.png 1000w, https:\/\/samiranda.pt\/sa\/wp-content\/uploads\/2025\/01\/Compressores-de-pistao-isentos-de-oleo-300x214.png 300w, https:\/\/samiranda.pt\/sa\/wp-content\/uploads\/2025\/01\/Compressores-de-pistao-isentos-de-oleo-768x548.png 768w, https:\/\/samiranda.pt\/sa\/wp-content\/uploads\/2025\/01\/Compressores-de-pistao-isentos-de-oleo-600x428.png 600w\" sizes=\"(max-width: 1000px) 100vw, 1000px\" \/>\t\t\t\t\t\t\t\t\t\t\t\t\t<\/div>\n\t\t\t\t<\/div>\n\t\t\t\t\t<\/div>\n\t\t<\/div>\n\t\t\t\t<div class=\"elementor-column elementor-col-50 elementor-top-column elementor-element elementor-element-f18e012 elementor-invisible\" data-id=\"f18e012\" data-element_type=\"column\" data-settings=\"{&quot;animation&quot;:&quot;fadeInRight&quot;}\">\n\t\t\t<div class=\"elementor-widget-wrap elementor-element-populated\">\n\t\t\t\t\t\t<div class=\"elementor-element elementor-element-8dc04b9 elementor-widget elementor-widget-heading\" data-id=\"8dc04b9\" data-element_type=\"widget\" data-widget_type=\"heading.default\">\n\t\t\t\t<div class=\"elementor-widget-container\">\n\t\t\t<h4 class=\"elementor-heading-title elementor-size-default\">Compressores de Pist\u00e3o<\/h4>\t\t<\/div>\n\t\t\t\t<\/div>\n\t\t\t\t<div class=\"elementor-element elementor-element-322f13a elementor-widget elementor-widget-spacer\" data-id=\"322f13a\" data-element_type=\"widget\" data-widget_type=\"spacer.default\">\n\t\t\t\t<div class=\"elementor-widget-container\">\n\t\t\t\t\t<div class=\"elementor-spacer\">\n\t\t\t<div class=\"elementor-spacer-inner\"><\/div>\n\t\t<\/div>\n\t\t\t\t<\/div>\n\t\t\t\t<\/div>\n\t\t\t\t<div class=\"elementor-element elementor-element-5c0ce92 elementor-widget elementor-widget-text-editor\" data-id=\"5c0ce92\" data-element_type=\"widget\" data-widget_type=\"text-editor.default\">\n\t\t\t\t<div class=\"elementor-widget-container\">\n\t\t\t\t\t\t\t<p>Os compressores de pist\u00e3o podem apresentar-se como compressores lubrificados ou compressores isentos. O seu tempo de vida \u00fatil \u00e9 geralmente longo, com uma simples manuten\u00e7\u00e3o associada. Existem em diferentes configura\u00e7\u00f5es dependendo da aplica\u00e7\u00e3o que se pretende.<\/p><ul><li>Compressores de Pist\u00e3o Isentos<\/li><li>Compressores de Pist\u00e3o ou n\u00e3o isentos<\/li><\/ul>\t\t\t\t\t\t<\/div>\n\t\t\t\t<\/div>\n\t\t\t\t<div class=\"elementor-element elementor-element-14b1911 elementor-align-left elementor-widget elementor-widget-the7_button_widget\" data-id=\"14b1911\" data-element_type=\"widget\" data-widget_type=\"the7_button_widget.default\">\n\t\t\t\t<div class=\"elementor-widget-container\">\n\t\t\t<div class=\"elementor-button-wrapper\"><a href=\"https:\/\/www.boge.com\/en\/piston-compressors\/\" target=\"_blank\" class=\"box-button elementor-button elementor-size-sm\" rel=\"noopener\">+ VER MAIS<\/a><\/div>\t\t<\/div>\n\t\t\t\t<\/div>\n\t\t\t\t\t<\/div>\n\t\t<\/div>\n\t\t\t\t\t<\/div>\n\t\t<\/section>\n\t\t<div class=\"elementor-element elementor-element-61e7383 e-flex e-con-boxed e-con e-parent\" data-id=\"61e7383\" data-element_type=\"container\">\n\t\t\t\t\t<div class=\"e-con-inner\">\n\t\t\t\t<div class=\"elementor-element elementor-element-dab7e94 elementor-widget-divider--view-line elementor-widget elementor-widget-divider\" data-id=\"dab7e94\" data-element_type=\"widget\" data-widget_type=\"divider.default\">\n\t\t\t\t<div class=\"elementor-widget-container\">\n\t\t\t\t\t<div class=\"elementor-divider\">\n\t\t\t<span class=\"elementor-divider-separator\">\n\t\t\t\t\t\t<\/span>\n\t\t<\/div>\n\t\t\t\t<\/div>\n\t\t\t\t<\/div>\n\t\t\t\t\t<\/div>\n\t\t\t\t<\/div>\n\t\t\t\t<section class=\"elementor-section elementor-top-section elementor-element elementor-element-6e75e16 elementor-reverse-tablet elementor-reverse-mobile elementor-section-boxed elementor-section-height-default elementor-section-height-default\" data-id=\"6e75e16\" data-element_type=\"section\" data-settings=\"{&quot;background_background&quot;:&quot;classic&quot;}\">\n\t\t\t\t\t\t<div class=\"elementor-container elementor-column-gap-wider\">\n\t\t\t\t\t<div class=\"elementor-column elementor-col-50 elementor-top-column elementor-element elementor-element-0fc8895\" data-id=\"0fc8895\" data-element_type=\"column\">\n\t\t\t<div class=\"elementor-widget-wrap elementor-element-populated\">\n\t\t\t\t\t\t<div class=\"elementor-element elementor-element-eac9e82 elementor-invisible elementor-widget elementor-widget-image\" data-id=\"eac9e82\" data-element_type=\"widget\" data-settings=\"{&quot;_animation&quot;:&quot;fadeInLeft&quot;}\" data-widget_type=\"image.default\">\n\t\t\t\t<div class=\"elementor-widget-container\">\n\t\t\t\t\t\t\t\t\t\t\t\t\t<img decoding=\"async\" width=\"1200\" height=\"1200\" src=\"https:\/\/samiranda.pt\/sa\/wp-content\/uploads\/2025\/02\/CIO.png\" class=\"attachment-full size-full wp-image-96078\" alt=\"\" srcset=\"https:\/\/samiranda.pt\/sa\/wp-content\/uploads\/2025\/02\/CIO.png 1200w, https:\/\/samiranda.pt\/sa\/wp-content\/uploads\/2025\/02\/CIO-300x300.png 300w, https:\/\/samiranda.pt\/sa\/wp-content\/uploads\/2025\/02\/CIO-1024x1024.png 1024w, https:\/\/samiranda.pt\/sa\/wp-content\/uploads\/2025\/02\/CIO-150x150.png 150w, https:\/\/samiranda.pt\/sa\/wp-content\/uploads\/2025\/02\/CIO-768x768.png 768w, https:\/\/samiranda.pt\/sa\/wp-content\/uploads\/2025\/02\/CIO-600x600.png 600w, https:\/\/samiranda.pt\/sa\/wp-content\/uploads\/2025\/02\/CIO-200x200.png 200w\" sizes=\"(max-width: 1200px) 100vw, 1200px\" \/>\t\t\t\t\t\t\t\t\t\t\t\t\t<\/div>\n\t\t\t\t<\/div>\n\t\t\t\t\t<\/div>\n\t\t<\/div>\n\t\t\t\t<div class=\"elementor-column elementor-col-50 elementor-top-column elementor-element elementor-element-207d6ad elementor-invisible\" data-id=\"207d6ad\" data-element_type=\"column\" data-settings=\"{&quot;animation&quot;:&quot;fadeInRight&quot;}\">\n\t\t\t<div class=\"elementor-widget-wrap elementor-element-populated\">\n\t\t\t\t\t\t<div class=\"elementor-element elementor-element-651b145 elementor-widget elementor-widget-heading\" data-id=\"651b145\" data-element_type=\"widget\" data-widget_type=\"heading.default\">\n\t\t\t\t<div class=\"elementor-widget-container\">\n\t\t\t<h4 class=\"elementor-heading-title elementor-size-default\">Isentos de \u00d3leo<\/h4>\t\t<\/div>\n\t\t\t\t<\/div>\n\t\t\t\t<div class=\"elementor-element elementor-element-b6acf9a elementor-widget elementor-widget-spacer\" data-id=\"b6acf9a\" data-element_type=\"widget\" data-widget_type=\"spacer.default\">\n\t\t\t\t<div class=\"elementor-widget-container\">\n\t\t\t\t\t<div class=\"elementor-spacer\">\n\t\t\t<div class=\"elementor-spacer-inner\"><\/div>\n\t\t<\/div>\n\t\t\t\t<\/div>\n\t\t\t\t<\/div>\n\t\t\t\t<div class=\"elementor-element elementor-element-9e75164 elementor-widget elementor-widget-text-editor\" data-id=\"9e75164\" data-element_type=\"widget\" data-widget_type=\"text-editor.default\">\n\t\t\t\t<div class=\"elementor-widget-container\">\n\t\t\t\t\t\t\t<p>Os compressores isentos de \u00f3leo s\u00e3o idealmente aplicados em ind\u00fastrias onde os requisitos de qualidade do ar s\u00e3o mais apertados, tais como: ind\u00fastria alimentar, farmac\u00eautica e qu\u00edmica.<\/p><ul><li>Compressores Scroll<\/li><li>Compressores de Parafuso Isentos de \u00f3leo<\/li><li>Turbo compressores\u00a0<\/li><\/ul>\t\t\t\t\t\t<\/div>\n\t\t\t\t<\/div>\n\t\t\t\t<div class=\"elementor-element elementor-element-cdfae6d elementor-align-left elementor-widget elementor-widget-the7_button_widget\" data-id=\"cdfae6d\" data-element_type=\"widget\" data-widget_type=\"the7_button_widget.default\">\n\t\t\t\t<div class=\"elementor-widget-container\">\n\t\t\t<div class=\"elementor-button-wrapper\"><a href=\"https:\/\/www.boge.com\/en\/products\/?msf=002\" target=\"_blank\" class=\"box-button elementor-button elementor-size-sm\" rel=\"noopener\">+ VER MAIS<\/a><\/div>\t\t<\/div>\n\t\t\t\t<\/div>\n\t\t\t\t\t<\/div>\n\t\t<\/div>\n\t\t\t\t\t<\/div>\n\t\t<\/section>\n\t\t\t\t<section class=\"elementor-section elementor-top-section elementor-element elementor-element-1ebaa972 elementor-section-height-min-height elementor-section-items-stretch elementor-reverse-tablet elementor-reverse-mobile elementor-section-boxed elementor-section-height-default\" data-id=\"1ebaa972\" data-element_type=\"section\" data-settings=\"{&quot;background_background&quot;:&quot;gradient&quot;}\">\n\t\t\t\t\t\t\t<div class=\"elementor-background-overlay\"><\/div>\n\t\t\t\t\t\t\t<div class=\"elementor-container elementor-column-gap-wider\">\n\t\t\t\t\t<div class=\"elementor-column elementor-col-100 elementor-top-column elementor-element elementor-element-3b4d3775\" data-id=\"3b4d3775\" data-element_type=\"column\">\n\t\t\t<div class=\"elementor-widget-wrap elementor-element-populated\">\n\t\t\t\t\t\t<div class=\"elementor-element elementor-element-36110985 elementor-widget__width-initial elementor-invisible elementor-widget elementor-widget-heading\" data-id=\"36110985\" data-element_type=\"widget\" data-settings=\"{&quot;_animation&quot;:&quot;fadeInUp&quot;}\" data-widget_type=\"heading.default\">\n\t\t\t\t<div class=\"elementor-widget-container\">\n\t\t\t<h2 class=\"elementor-heading-title elementor-size-default\">Tratamento de Ar e Condensados<\/h2>\t\t<\/div>\n\t\t\t\t<\/div>\n\t\t\t\t<div class=\"elementor-element elementor-element-5f9b7189 elementor-invisible elementor-widget elementor-widget-text-editor\" data-id=\"5f9b7189\" data-element_type=\"widget\" data-settings=\"{&quot;_animation&quot;:&quot;fadeInUp&quot;}\" data-widget_type=\"text-editor.default\">\n\t\t\t\t<div class=\"elementor-widget-container\">\n\t\t\t\t\t\t\t<p>O tratamento do ar comprimido \u00e9 importante para garantir a qualidade, efici\u00eancia e a seguran\u00e7a do ar utilizado nas diversas aplica\u00e7\u00f5es industriais, alimentares, hospitalares e dom\u00e9sticas.<\/p>\t\t\t\t\t\t<\/div>\n\t\t\t\t<\/div>\n\t\t\t\t<div class=\"elementor-element elementor-element-3ab168b elementor-align-center elementor-widget elementor-widget-the7_button_widget\" data-id=\"3ab168b\" data-element_type=\"widget\" data-widget_type=\"the7_button_widget.default\">\n\t\t\t\t<div class=\"elementor-widget-container\">\n\t\t\t<div class=\"elementor-button-wrapper\"><a href=\"https:\/\/samiranda.pt\/sa\/tratamento-de-ar-e-condensados\/\" target=\"_blank\" class=\"box-button elementor-button elementor-size-md\">SABER MAIS<\/a><\/div>\t\t<\/div>\n\t\t\t\t<\/div>\n\t\t\t\t\t<\/div>\n\t\t<\/div>\n\t\t\t\t\t<\/div>\n\t\t<\/section>\n\t\t\t\t<\/div>\n\t\t","protected":false},"excerpt":{"rendered":"<p>Compressores You are here: Home P\u00e1gina Compressores de Parafuso Os compressores de parafuso Boge destacam-se pela sua elevada fiabilidade, baixo consumo energ\u00e9tico, e baixo custo de manuten\u00e7\u00e3o. O correto dimensionamento, uma manuten\u00e7\u00e3o preventiva atempada e um servi\u00e7o de assist\u00eancia profissional s\u00e3o fatores determinantes na durabilidade dos equipamentos, potenciando ainda a sua efici\u00eancia energ\u00e9tica. Dispomos de&hellip;<\/p>\n","protected":false},"author":1,"featured_media":0,"parent":0,"menu_order":0,"comment_status":"closed","ping_status":"closed","template":"elementor_header_footer","meta":{"footnotes":""},"class_list":["post-94598","page","type-page","status-publish","hentry"],"_links":{"self":[{"href":"https:\/\/samiranda.pt\/sa\/wp-json\/wp\/v2\/pages\/94598","targetHints":{"allow":["GET"]}}],"collection":[{"href":"https:\/\/samiranda.pt\/sa\/wp-json\/wp\/v2\/pages"}],"about":[{"href":"https:\/\/samiranda.pt\/sa\/wp-json\/wp\/v2\/types\/page"}],"author":[{"embeddable":true,"href":"https:\/\/samiranda.pt\/sa\/wp-json\/wp\/v2\/users\/1"}],"replies":[{"embeddable":true,"href":"https:\/\/samiranda.pt\/sa\/wp-json\/wp\/v2\/comments?post=94598"}],"version-history":[{"count":114,"href":"https:\/\/samiranda.pt\/sa\/wp-json\/wp\/v2\/pages\/94598\/revisions"}],"predecessor-version":[{"id":97686,"href":"https:\/\/samiranda.pt\/sa\/wp-json\/wp\/v2\/pages\/94598\/revisions\/97686"}],"wp:attachment":[{"href":"https:\/\/samiranda.pt\/sa\/wp-json\/wp\/v2\/media?parent=94598"}],"curies":[{"name":"wp","href":"https:\/\/api.w.org\/{rel}","templated":true}]}}